{"id":504,"date":"2020-08-03T01:46:03","date_gmt":"2020-08-03T01:46:03","guid":{"rendered":"http:\/\/imperial-german-bayonets.net\/?page_id=504"},"modified":"2020-11-28T21:44:04","modified_gmt":"2020-11-28T21:44:04","slug":"ks98-overview","status":"publish","type":"page","link":"https:\/\/imperial-german-bayonets.net\/?page_id=504","title":{"rendered":"Overview of kS98"},"content":{"rendered":"\n<p>The<em> Seitengewehr f\u00fcr Maschinengewehr-Sch\u00fctzen<\/em> was introduced by the Prussian military on the 30<sup>th<\/sup> April 1901 as a distinctive sidearm for the newly-raised Independent Machine Gun Units (<em>Maschinengewehr-Abteilungen<\/em>). Befitting their elite status, the bayonet took inspiration from the earlier <em>Hirschf\u00e4nger<\/em> model bayonets issued to <em>J\u00e4ger <\/em>and <em>Sch\u00fctzen<\/em> that had incorporated a simulated eagle\u2019s head and beak into the pommel. Perhaps heralding intentions for this bayonet to be issued more widely, it was re-named as the <em>Kurzes <\/em>(short)<em> Seitengewehr<\/em> (k.S.98) on the 23<sup>rd<\/sup> February 1905 [Decree A.V.Bl 1905, No.5, S.37] distinguishing it from the regular long-bladed S98 arming the infantry.<\/p>\n\n\n\n<p>The kS98 with riveted leather grips was manufactured solely by the Prussian state arsenal Erfurt from 1901 to 1912. A new system of using two bolts to attach wood or composition grips to the tang was trialed in 1912 and resulted in Erfurt transitioning to make composition-gripped kS98 for the colonies until 1914 and wood-gripped bayonets for troops based in Germany until late in 1915. Production of the kS98 was expanded in 1913 to include the Bavarian state arsenal Amberg, that assembled leather- and then wood-gripped kS98 until 1914. In addition, the kS98 was manufactured at the Suhl-based private companies of Haenel and Schilling, as well as H\u00f6rster in Solingen. Operating as a consortium, Haenel and Schilling produced leather- and then wood-gripped kS98 in 1913 and 1914 for the Prussians, Bavarians and Saxons. In contrast, H\u00f6rster primarily manufactured wood-gripped kS98 for colonial troops in 1913. A detailed account of kS98 manufacture by each of these arsenals and companies is provided in the <strong>Manufacturers Section<\/strong>s.<\/p>\n\n\n\n<p>Following the introduction of the Kar 98AZ to <em>Verkehrstruppen<\/em> (communication troops) in 1909, the kS98 was issued to air balloon and airship (<em>Luftschiffer<\/em>) troops and then the aviation (<em>Flieger<\/em>) and telegraph (<em>Telegraphen<\/em>) battalions. At the same time, the kS98 was being supplied to <em>Schutztruppen<\/em> and <em>Polizeitruppen<\/em> in the German Colonies. Although official records do not exist, it is apparent that pioneer searchlight (<em>Scheinwerferzug<\/em>), colonial naval detachments and war-time ski battalions (<em>Schneeschuhbataillonen)<\/em> were also issued with kS98. Although initially designed for the <em>Maschinengewehr-Abteilungen, <\/em>the kS98 was not issued to the regular Infantry <em>Maschinengewehr-Kompanien <\/em>but did make a reappearance in the 1916 machine gun marksman detachments (<em>Maschinengewehr-Scharfsch\u00fctzen-Abteilungen<\/em>). Short histories of these units and their kS98 can be found in the <strong>Issue of kS98 Section<\/strong> and <strong>Colonial Section<\/strong>. With the need for short fighting knives and bayonets in the trenches, the kS98 soon became widely dispersed amongst German army and period photographs can be found with the kS98 in the hands of a wide variety of front-line troops.<\/p>\n\n\n\n<p>Although the design of the kS98 did not change substantially over its 14 years of production, it is evident that the Prussians considered different versions for military use.&nbsp; The rare kS98 varieties trialed for the Cavalry in 1908 and 1909, but never put into production, are detailed in the <strong>Cavalry Trials Section<\/strong>. Following the war, soldiers modified their service-issue kS98 as they felt appropriate and the <strong>Post-war Section<\/strong> touches upon some of these variations.<\/p>\n\n\n\n<p>It is estimated that a total of approximately 32,000 kS98 were produced with the Saxons and Bavarians having 1,500-2,000 each, and the Prussians with 12,000 in the colonies and 16,000 issued at home. This makes the kS98 an uncommon Imperial bayonet with different unit markings and production years making some examples very rare. A guide to <strong>Production Years and Rarity <\/strong>for the kS98 is provided at the end of the book.<\/p>\n\n\n\n<p><\/p>\n","protected":false},"excerpt":{"rendered":"<p>The Seitengewehr f\u00fcr Maschinengewehr-Sch\u00fctzen was introduced by the Prussian military on the 30th April 1901 as a distinctive sidearm for the newly-raised Independent Machine Gun Units (Maschinengewehr-Abteilungen). Befitting their elite status, the bayonet took inspiration from the earlier Hirschf\u00e4nger model bayonets issued to J\u00e4ger and Sch\u00fctzen that had incorporated a simulated eagle\u2019s head and beak &hellip; <a href=\"https:\/\/imperial-german-bayonets.net\/?page_id=504\" class=\"more-link\">Continue reading <span class=\"screen-reader-text\">Overview of kS98<\/span> <span class=\"meta-nav\">&rarr;<\/span><\/a><\/p>\n","protected":false},"author":1,"featured_media":0,"parent":459,"menu_order":1,"comment_status":"closed","ping_status":"closed","template":"","meta":{"_monsterinsights_skip_tracking":false,"_monsterinsights_sitenote_active":false,"_monsterinsights_sitenote_note":"","_monsterinsights_sitenote_category":0,"footnotes":""},"class_list":["post-504","page","type-page","status-publish","hentry"],"aioseo_notices":[],"_links":{"self":[{"href":"https:\/\/imperial-german-bayonets.net\/index.php?rest_route=\/wp\/v2\/pages\/504","targetHints":{"allow":["GET"]}}],"collection":[{"href":"https:\/\/imperial-german-bayonets.net\/index.php?rest_route=\/wp\/v2\/pages"}],"about":[{"href":"https:\/\/imperial-german-bayonets.net\/index.php?rest_route=\/wp\/v2\/types\/page"}],"author":[{"embeddable":true,"href":"https:\/\/imperial-german-bayonets.net\/index.php?rest_route=\/wp\/v2\/users\/1"}],"replies":[{"embeddable":true,"href":"https:\/\/imperial-german-bayonets.net\/index.php?rest_route=%2Fwp%2Fv2%2Fcomments&post=504"}],"version-history":[{"count":7,"href":"https:\/\/imperial-german-bayonets.net\/index.php?rest_route=\/wp\/v2\/pages\/504\/revisions"}],"predecessor-version":[{"id":632,"href":"https:\/\/imperial-german-bayonets.net\/index.php?rest_route=\/wp\/v2\/pages\/504\/revisions\/632"}],"up":[{"embeddable":true,"href":"https:\/\/imperial-german-bayonets.net\/index.php?rest_route=\/wp\/v2\/pages\/459"}],"wp:attachment":[{"href":"https:\/\/imperial-german-bayonets.net\/index.php?rest_route=%2Fwp%2Fv2%2Fmedia&parent=504"}],"curies":[{"name":"wp","href":"https:\/\/api.w.org\/{rel}","templated":true}]}}